{"id":714,"date":"2011-12-15T21:52:11","date_gmt":"2011-12-15T21:52:11","guid":{"rendered":"http:\/\/www.chateaudesarpentis.com\/welcome-2\/"},"modified":"2024-02-24T08:42:48","modified_gmt":"2024-02-24T07:42:48","slug":"welcome","status":"publish","type":"page","link":"https:\/\/www.chateaudesarpentis.com\/pt-br\/","title":{"rendered":"Bem-vindo"},"content":{"rendered":"<div id='full_slider_1'  class='avia-fullwidth-slider main_color avia-shadow   avia-builder-el-0  el_before_av_textblock  avia-builder-el-first   container_wrap sidebar_right'  ><div  class='avia-slideshow av-kf6qacns-6612180eaaf78feffd4944395285c902 avia-slideshow-featured av_slideshow_full avia-fade-slider av-slideshow-ui av-control-hidden av-no-slider-navigation av-hide-nav-arrows av-slideshow-autoplay av-loop-endless av-loop-manual-endless av-default-height-applied   avia-slideshow-1' data-slideshow-options=\"{&quot;animation&quot;:&quot;fade&quot;,&quot;autoplay&quot;:true,&quot;loop_autoplay&quot;:&quot;endless&quot;,&quot;interval&quot;:4,&quot;loop_manual&quot;:&quot;manual-endless&quot;,&quot;autoplay_stopper&quot;:false,&quot;noNavigation&quot;:true,&quot;bg_slider&quot;:false,&quot;transitionSpeed&quot;:2000,&quot;keep_padding&quot;:false,&quot;hoverpause&quot;:false,&quot;show_slide_delay&quot;:0}\"  itemprop=\"image\" itemscope=\"itemscope\" itemtype=\"https:\/\/schema.org\/ImageObject\" ><ul class='avia-slideshow-inner ' style='padding-bottom: 35.555555555556%;'><li  class='avia-slideshow-slide av-kf6qacns-6612180eaaf78feffd4944395285c902__0  slide-1 slide-odd'><div data-rel='slideshow-1' class='avia-slide-wrap '   ><img decoding=\"async\" fetchpriority=\"high\" class=\"wp-image-1482 avia-img-lazy-loading-not-1482\"  src=\"https:\/\/www.chateaudesarpentis.com\/wp-content\/uploads\/2011\/12\/Arpentis_01.jpg\" width=\"990\" height=\"352\" title='Ch\u00e2teau des Arpentis' alt=''  itemprop=\"thumbnailUrl\" srcset=\"https:\/\/www.chateaudesarpentis.com\/wp-content\/uploads\/2011\/12\/Arpentis_01.jpg 990w, https:\/\/www.chateaudesarpentis.com\/wp-content\/uploads\/2011\/12\/Arpentis_01-300x106.jpg 300w, https:\/\/www.chateaudesarpentis.com\/wp-content\/uploads\/2011\/12\/Arpentis_01-930x330.jpg 930w\" sizes=\"(max-width: 990px) 100vw, 990px\" \/><\/div><\/li><li  class='avia-slideshow-slide av-kf6qacns-6612180eaaf78feffd4944395285c902__1  slide-2 slide-even'><div data-rel='slideshow-1' class='avia-slide-wrap '   ><img decoding=\"async\" fetchpriority=\"high\" class=\"wp-image-24525 avia-img-lazy-loading-not-24525\"  src=\"https:\/\/www.chateaudesarpentis.com\/wp-content\/uploads\/2024\/02\/accueil_arp_new8.jpg\" width=\"990\" height=\"352\" title='accueil_arp_new8' alt=''  itemprop=\"thumbnailUrl\" srcset=\"https:\/\/www.chateaudesarpentis.com\/wp-content\/uploads\/2024\/02\/accueil_arp_new8.jpg 990w, https:\/\/www.chateaudesarpentis.com\/wp-content\/uploads\/2024\/02\/accueil_arp_new8-300x107.jpg 300w, https:\/\/www.chateaudesarpentis.com\/wp-content\/uploads\/2024\/02\/accueil_arp_new8-768x273.jpg 768w, https:\/\/www.chateaudesarpentis.com\/wp-content\/uploads\/2024\/02\/accueil_arp_new8-705x251.jpg 705w\" sizes=\"(max-width: 990px) 100vw, 990px\" \/><\/div><\/li><li  class='avia-slideshow-slide av-kf6qacns-6612180eaaf78feffd4944395285c902__2  slide-3 slide-odd'><div data-rel='slideshow-1' class='avia-slide-wrap '   ><img decoding=\"async\" fetchpriority=\"high\" class=\"wp-image-24522 avia-img-lazy-loading-not-24522\"  src=\"https:\/\/www.chateaudesarpentis.com\/wp-content\/uploads\/2024\/02\/accueil_arp_new7.jpg\" width=\"990\" height=\"352\" title='accueil_arp_new7' alt=''  itemprop=\"thumbnailUrl\" srcset=\"https:\/\/www.chateaudesarpentis.com\/wp-content\/uploads\/2024\/02\/accueil_arp_new7.jpg 990w, https:\/\/www.chateaudesarpentis.com\/wp-content\/uploads\/2024\/02\/accueil_arp_new7-300x107.jpg 300w, https:\/\/www.chateaudesarpentis.com\/wp-content\/uploads\/2024\/02\/accueil_arp_new7-768x273.jpg 768w, https:\/\/www.chateaudesarpentis.com\/wp-content\/uploads\/2024\/02\/accueil_arp_new7-705x251.jpg 705w\" sizes=\"(max-width: 990px) 100vw, 990px\" \/><\/div><\/li><li  class='avia-slideshow-slide av-kf6qacns-6612180eaaf78feffd4944395285c902__3  slide-4 slide-even'><div data-rel='slideshow-1' class='avia-slide-wrap '   ><img decoding=\"async\" fetchpriority=\"high\" class=\"wp-image-26361 avia-img-lazy-loading-not-26361\"  src=\"https:\/\/www.chateaudesarpentis.com\/wp-content\/uploads\/2024\/02\/43446_n.jpg\" width=\"990\" height=\"352\" title='43446_n' alt=''  itemprop=\"thumbnailUrl\" srcset=\"https:\/\/www.chateaudesarpentis.com\/wp-content\/uploads\/2024\/02\/43446_n.jpg 990w, https:\/\/www.chateaudesarpentis.com\/wp-content\/uploads\/2024\/02\/43446_n-300x107.jpg 300w, https:\/\/www.chateaudesarpentis.com\/wp-content\/uploads\/2024\/02\/43446_n-768x273.jpg 768w, https:\/\/www.chateaudesarpentis.com\/wp-content\/uploads\/2024\/02\/43446_n-705x251.jpg 705w\" sizes=\"(max-width: 990px) 100vw, 990px\" \/><\/div><\/li><li  class='avia-slideshow-slide av-kf6qacns-6612180eaaf78feffd4944395285c902__4  slide-5 slide-odd'><div data-rel='slideshow-1' class='avia-slide-wrap '   ><img decoding=\"async\" fetchpriority=\"high\" class=\"wp-image-26367 avia-img-lazy-loading-not-26367\"  src=\"https:\/\/www.chateaudesarpentis.com\/wp-content\/uploads\/2024\/02\/IMG_5881.jpg\" width=\"990\" height=\"352\" title='IMG_5881' alt=''  itemprop=\"thumbnailUrl\" srcset=\"https:\/\/www.chateaudesarpentis.com\/wp-content\/uploads\/2024\/02\/IMG_5881.jpg 990w, https:\/\/www.chateaudesarpentis.com\/wp-content\/uploads\/2024\/02\/IMG_5881-300x107.jpg 300w, https:\/\/www.chateaudesarpentis.com\/wp-content\/uploads\/2024\/02\/IMG_5881-768x273.jpg 768w, https:\/\/www.chateaudesarpentis.com\/wp-content\/uploads\/2024\/02\/IMG_5881-705x251.jpg 705w\" sizes=\"(max-width: 990px) 100vw, 990px\" \/><\/div><\/li><li  class='avia-slideshow-slide av-kf6qacns-6612180eaaf78feffd4944395285c902__5  slide-6 slide-even'><div data-rel='slideshow-1' class='avia-slide-wrap '   ><img decoding=\"async\" fetchpriority=\"high\" class=\"wp-image-26364 avia-img-lazy-loading-not-26364\"  src=\"https:\/\/www.chateaudesarpentis.com\/wp-content\/uploads\/2024\/02\/IMG_5879.jpg\" width=\"990\" height=\"352\" title='IMG_5879' alt=''  itemprop=\"thumbnailUrl\" srcset=\"https:\/\/www.chateaudesarpentis.com\/wp-content\/uploads\/2024\/02\/IMG_5879.jpg 990w, https:\/\/www.chateaudesarpentis.com\/wp-content\/uploads\/2024\/02\/IMG_5879-300x107.jpg 300w, https:\/\/www.chateaudesarpentis.com\/wp-content\/uploads\/2024\/02\/IMG_5879-768x273.jpg 768w, https:\/\/www.chateaudesarpentis.com\/wp-content\/uploads\/2024\/02\/IMG_5879-705x251.jpg 705w\" sizes=\"(max-width: 990px) 100vw, 990px\" \/><\/div><\/li><li  class='avia-slideshow-slide av-kf6qacns-6612180eaaf78feffd4944395285c902__6  slide-7 slide-odd'><div data-rel='slideshow-1' class='avia-slide-wrap '   ><img decoding=\"async\" fetchpriority=\"high\" class=\"wp-image-24513 avia-img-lazy-loading-not-24513\"  src=\"https:\/\/www.chateaudesarpentis.com\/wp-content\/uploads\/2024\/02\/accueil_arp_new1.jpg\" width=\"990\" height=\"352\" title='accueil_arp_new1' alt=''  itemprop=\"thumbnailUrl\" srcset=\"https:\/\/www.chateaudesarpentis.com\/wp-content\/uploads\/2024\/02\/accueil_arp_new1.jpg 990w, https:\/\/www.chateaudesarpentis.com\/wp-content\/uploads\/2024\/02\/accueil_arp_new1-300x107.jpg 300w, https:\/\/www.chateaudesarpentis.com\/wp-content\/uploads\/2024\/02\/accueil_arp_new1-768x273.jpg 768w, https:\/\/www.chateaudesarpentis.com\/wp-content\/uploads\/2024\/02\/accueil_arp_new1-705x251.jpg 705w\" sizes=\"(max-width: 990px) 100vw, 990px\" \/><\/div><\/li><li  class='avia-slideshow-slide av-kf6qacns-6612180eaaf78feffd4944395285c902__7  slide-8 slide-even'><div data-rel='slideshow-1' class='avia-slide-wrap '   ><img decoding=\"async\" fetchpriority=\"high\" class=\"wp-image-1487 avia-img-lazy-loading-not-1487\"  src=\"https:\/\/www.chateaudesarpentis.com\/wp-content\/uploads\/2011\/12\/Arpentis_06.jpg\" width=\"990\" height=\"352\" title='Ch\u00e2teau des Arpentis' alt=''  itemprop=\"thumbnailUrl\" srcset=\"https:\/\/www.chateaudesarpentis.com\/wp-content\/uploads\/2011\/12\/Arpentis_06.jpg 990w, https:\/\/www.chateaudesarpentis.com\/wp-content\/uploads\/2011\/12\/Arpentis_06-300x106.jpg 300w, https:\/\/www.chateaudesarpentis.com\/wp-content\/uploads\/2011\/12\/Arpentis_06-930x330.jpg 930w\" sizes=\"(max-width: 990px) 100vw, 990px\" \/><\/div><\/li><li  class='avia-slideshow-slide av-kf6qacns-6612180eaaf78feffd4944395285c902__8  slide-9 slide-odd'><div data-rel='slideshow-1' class='avia-slide-wrap '   ><img decoding=\"async\" fetchpriority=\"high\" class=\"wp-image-1486 avia-img-lazy-loading-not-1486\"  src=\"https:\/\/www.chateaudesarpentis.com\/wp-content\/uploads\/2011\/12\/Arpentis_05.jpg\" width=\"990\" height=\"352\" title='Ch\u00e2teau des Arpentis' alt=''  itemprop=\"thumbnailUrl\" srcset=\"https:\/\/www.chateaudesarpentis.com\/wp-content\/uploads\/2011\/12\/Arpentis_05.jpg 990w, https:\/\/www.chateaudesarpentis.com\/wp-content\/uploads\/2011\/12\/Arpentis_05-300x106.jpg 300w, https:\/\/www.chateaudesarpentis.com\/wp-content\/uploads\/2011\/12\/Arpentis_05-930x330.jpg 930w\" sizes=\"(max-width: 990px) 100vw, 990px\" \/><\/div><\/li><li  class='avia-slideshow-slide av-kf6qacns-6612180eaaf78feffd4944395285c902__9  slide-10 slide-even'><div data-rel='slideshow-1' class='avia-slide-wrap '   ><img decoding=\"async\" fetchpriority=\"high\" class=\"wp-image-1526 avia-img-lazy-loading-not-1526\"  src=\"https:\/\/www.chateaudesarpentis.com\/wp-content\/uploads\/2011\/12\/fond_arpentis-990x360.jpg\" width=\"990\" height=\"360\" title='fond_arpentis' alt=''  itemprop=\"thumbnailUrl\"   \/><\/div><\/li><li  class='avia-slideshow-slide av-kf6qacns-6612180eaaf78feffd4944395285c902__10  slide-11 slide-odd'><div data-rel='slideshow-1' class='avia-slide-wrap '   ><img decoding=\"async\" fetchpriority=\"high\" class=\"wp-image-1483 avia-img-lazy-loading-not-1483\"  src=\"https:\/\/www.chateaudesarpentis.com\/wp-content\/uploads\/2011\/12\/Arpentis_02.jpg\" width=\"990\" height=\"352\" title='Ch\u00e2teau des Arpentis' alt=''  itemprop=\"thumbnailUrl\" srcset=\"https:\/\/www.chateaudesarpentis.com\/wp-content\/uploads\/2011\/12\/Arpentis_02.jpg 990w, https:\/\/www.chateaudesarpentis.com\/wp-content\/uploads\/2011\/12\/Arpentis_02-300x106.jpg 300w, https:\/\/www.chateaudesarpentis.com\/wp-content\/uploads\/2011\/12\/Arpentis_02-930x330.jpg 930w\" sizes=\"(max-width: 990px) 100vw, 990px\" \/><\/div><\/li><li  class='avia-slideshow-slide av-kf6qacns-6612180eaaf78feffd4944395285c902__11  slide-12 slide-even'><div data-rel='slideshow-1' class='avia-slide-wrap '   ><img decoding=\"async\" fetchpriority=\"high\" class=\"wp-image-1484 avia-img-lazy-loading-not-1484\"  src=\"https:\/\/www.chateaudesarpentis.com\/wp-content\/uploads\/2011\/12\/Arpentis_03.jpg\" width=\"990\" height=\"352\" title='Ch\u00e2teau des Arpentis' alt=''  itemprop=\"thumbnailUrl\" srcset=\"https:\/\/www.chateaudesarpentis.com\/wp-content\/uploads\/2011\/12\/Arpentis_03.jpg 990w, https:\/\/www.chateaudesarpentis.com\/wp-content\/uploads\/2011\/12\/Arpentis_03-300x106.jpg 300w, https:\/\/www.chateaudesarpentis.com\/wp-content\/uploads\/2011\/12\/Arpentis_03-930x330.jpg 930w\" sizes=\"(max-width: 990px) 100vw, 990px\" \/><\/div><\/li><\/ul><div class='avia-slideshow-arrows avia-slideshow-controls' ><a href='#prev' class='prev-slide  avia-svg-icon avia-font-svg_entypo-fontello' data-av_svg_icon='left-open-big' data-av_iconset='svg_entypo-fontello' tabindex='-1' title=\"Anterior\"><svg version=\"1.1\" xmlns=\"http:\/\/www.w3.org\/2000\/svg\" width=\"15\" height=\"32\" viewBox=\"0 0 15 32\" preserveAspectRatio=\"xMidYMid meet\" aria-labelledby='av-svg-title-1' aria-describedby='av-svg-desc-1' role=\"graphics-symbol\" aria-hidden=\"true\">\n<title id='av-svg-title-1'>Anterior<\/title>\n<desc id='av-svg-desc-1'>Anterior<\/desc>\n<path d=\"M14.464 27.84q0.832 0.832 0 1.536-0.832 0.832-1.536 0l-12.544-12.608q-0.768-0.768 0-1.6l12.544-12.608q0.704-0.832 1.536 0 0.832 0.704 0 1.536l-11.456 11.904z\"><\/path>\n<\/svg><span class='avia_hidden_link_text'>Anterior<\/span><\/a><a href='#next' class='next-slide  avia-svg-icon avia-font-svg_entypo-fontello' data-av_svg_icon='right-open-big' data-av_iconset='svg_entypo-fontello' tabindex='-1' title=\"Pr\u00f3ximo\"><svg version=\"1.1\" xmlns=\"http:\/\/www.w3.org\/2000\/svg\" width=\"15\" height=\"32\" viewBox=\"0 0 15 32\" preserveAspectRatio=\"xMidYMid meet\" aria-labelledby='av-svg-title-2' aria-describedby='av-svg-desc-2' role=\"graphics-symbol\" aria-hidden=\"true\">\n<title id='av-svg-title-2'>Pr\u00f3ximo<\/title>\n<desc id='av-svg-desc-2'>Pr\u00f3ximo<\/desc>\n<path d=\"M0.416 27.84l11.456-11.84-11.456-11.904q-0.832-0.832 0-1.536 0.832-0.832 1.536 0l12.544 12.608q0.768 0.832 0 1.6l-12.544 12.608q-0.704 0.832-1.536 0-0.832-0.704 0-1.536z\"><\/path>\n<\/svg><span class='avia_hidden_link_text'>Pr\u00f3ximo<\/span><\/a><\/div><\/div><\/div><div id='after_full_slider_1'  class='main_color av_default_container_wrap container_wrap sidebar_right'  ><div class='container av-section-cont-open' ><div class='template-page content  av-content-small alpha units'><div class='post-entry post-entry-type-page post-entry-714'><div class='entry-content-wrapper clearfix'>\n<section  class='av_textblock_section av-kf6qynz1-ce61e588c10a7b2ab5d78c33f2477398 '   itemscope=\"itemscope\" itemtype=\"https:\/\/schema.org\/CreativeWork\" ><div class='avia_textblock'  itemprop=\"text\" ><h2 style=\"text-align: center;\">Bem-vindo ao cora\u00e7\u00e3o do vale de Loire<\/h2>\n<\/div><\/section>\n\n<style type=\"text\/css\" data-created_by=\"avia_inline_auto\" id=\"style-css-av-lszrwwss-75a6ebd51e7d888e5e65bd0482dcc195\">\n#top .hr.hr-invisible.av-lszrwwss-75a6ebd51e7d888e5e65bd0482dcc195{\nheight:40px;\n}\n<\/style>\n<div  class='hr av-lszrwwss-75a6ebd51e7d888e5e65bd0482dcc195 hr-invisible  avia-builder-el-2  el_after_av_textblock  el_before_av_one_half '><span class='hr-inner '><span class=\"hr-inner-style\"><\/span><\/span><\/div>\n\n<style type=\"text\/css\" data-created_by=\"avia_inline_auto\" id=\"style-css-av-1zwws-8ef294f5152790d5eb2953230f3b47f9\">\n.flex_column.av-1zwws-8ef294f5152790d5eb2953230f3b47f9{\nborder-radius:0px 0px 0px 0px;\npadding:0px 0px 0px 0px;\n}\n<\/style>\n<div  class='flex_column av-1zwws-8ef294f5152790d5eb2953230f3b47f9 av_one_half  avia-builder-el-3  el_after_av_hr  el_before_av_one_half  first flex_column_div av-zero-column-padding  '     ><section  class='av_textblock_section av-kf6qwy8p-2abe84a3da7687812a56cf34ae0be813 '   itemscope=\"itemscope\" itemtype=\"https:\/\/schema.org\/CreativeWork\" ><div class='avia_textblock'  itemprop=\"text\" ><p><strong>O ch\u00e2teau des Arpentis<\/strong> situa-se em Saint\u2013R\u00e8gle, antigo feudo dos castelos de Amboise. Ele \u00e9 rodeado por fossos que datam do <strong>s\u00e9culo XVII<\/strong> e foi constru\u00eddo ao p\u00e9 da colina, perto do riacho Lamasse.<\/p>\n<p>ituado num tranquilo <strong>parque arborizado de 30 hectares<\/strong> e completamente restaurado em 2007-2008, o castelo foi equipado para hospedar visitantes \u00e0 procura de uma estadia tranquila, longe da agita\u00e7\u00e3o, <strong>no cora\u00e7\u00e3o do Vale de Loire<\/strong>. Os quartos s\u00e3o espa\u00e7osos,\u00a0confort\u00e1veis e possuem uma ou v\u00e1rias janelas com vista para o parque arborizado.<\/p>\n<\/div><\/section><\/div>\n\n<style type=\"text\/css\" data-created_by=\"avia_inline_auto\" id=\"style-css-av-1gpbk-7a05b73cbeeff39b5003e49aa0d9ae00\">\n.flex_column.av-1gpbk-7a05b73cbeeff39b5003e49aa0d9ae00{\nborder-radius:0px 0px 0px 0px;\npadding:0px 0px 0px 0px;\n}\n<\/style>\n<div  class='flex_column av-1gpbk-7a05b73cbeeff39b5003e49aa0d9ae00 av_one_half  avia-builder-el-5  el_after_av_one_half  el_before_av_hr  flex_column_div av-zero-column-padding  '     ><section  class='av_textblock_section av-kf6qy5j4-af2edef16bd48e3b9ef3c5f6edfefa21 '   itemscope=\"itemscope\" itemtype=\"https:\/\/schema.org\/CreativeWork\" ><div class='avia_textblock'  itemprop=\"text\" ><p>Eles s\u00e3o equipados com ar condicionado e disp\u00f5em de todo o conforto moderno. Os h\u00f3spedes poder\u00e3o desfrutar da <strong>tranquilidade do sal\u00e3o<\/strong> para ler e relaxar no calor aconchegante da chamin\u00e9 monumental.<\/p>\n<p>O <strong>Ch\u00e2teau des Arpentis<\/strong> \u00e9 perfeito para a sua estadia pois trata-se de um local tranquilo e pr\u00f3ximo de v\u00e1rios belos monumentos.<\/p>\n<p><strong>A sua estadia ser\u00e1 inesquec\u00edvel..<\/strong><\/p>\n<\/div><\/section><\/div>\n<div  class='hr av-lsuf0a2u-494a62c580551f57e0c4e2fa9639309c hr-short  avia-builder-el-7  el_after_av_one_half  el_before_av_textblock  hr-center'><span class='hr-inner '><span class=\"hr-inner-style\"><\/span><\/span><\/div>\n<section  class='av_textblock_section av-lsuf0up0-42ea1eb39a69bd4e59853f3c41a5fed4 '   itemscope=\"itemscope\" itemtype=\"https:\/\/schema.org\/CreativeWork\" ><div class='avia_textblock'  itemprop=\"text\" ><p style=\"text-align: center;\"><span class=\"HwtZe\" lang=\"pt\"><span class=\"jCAhz ChMk0b\"><span class=\"ryNqvb\">Descubra os sublimes castelos do Vale do Loire, hospedando-se num deles, num cen\u00e1rio magn\u00edfico, um ref\u00fagio de paz.<\/span><\/span> <\/span><\/p>\n<p style=\"text-align: center;\"><strong><span class=\"HwtZe\" lang=\"pt\"><span class=\"jCAhz ChMk0b\"><span class=\"ryNqvb\">Calma e tranquilidade a apenas uma hora de Paris de TGV.<\/span><\/span><\/span><\/strong><\/p>\n<\/div><\/section>\n<div  class='hr av-av_hr-2d5db5f64ae26441752c85579942ced7 hr-short  avia-builder-el-9  el_after_av_textblock  el_before_av_textblock  hr-center'><span class='hr-inner '><span class=\"hr-inner-style\"><\/span><\/span><\/div>\n<section  class='av_textblock_section av-kf6m5llc-883d1f1484db62051c0b672c2fdd4895 '   itemscope=\"itemscope\" itemtype=\"https:\/\/schema.org\/CreativeWork\" ><div class='avia_textblock'  itemprop=\"text\" ><h1 style=\"text-align: center;\"><\/h1>\n<p style=\"text-align: justify;\">\n<p><a href=\"http:\/\/www.bidaudieres.com\"><img loading=\"lazy\" decoding=\"async\" class=\"aligncenter wp-image-1052 size-full\" src=\"http:\/\/www.chateaudesarpentis.com\/wp-content\/uploads\/2011\/12\/banbid.jpg\" alt=\"S\u00e9journez au coeur de la vall\u00e9e de la Loire au Domaine des Bidaudi\u00e8res !\" width=\"800\" height=\"150\" srcset=\"https:\/\/www.chateaudesarpentis.com\/wp-content\/uploads\/2011\/12\/banbid.jpg 800w, https:\/\/www.chateaudesarpentis.com\/wp-content\/uploads\/2011\/12\/banbid-300x56.jpg 300w, https:\/\/www.chateaudesarpentis.com\/wp-content\/uploads\/2011\/12\/banbid-768x144.jpg 768w\" sizes=\"auto, (max-width: 800px) 100vw, 800px\" \/><\/a><\/p>\n<\/div><\/section>\n","protected":false},"excerpt":{"rendered":"","protected":false},"author":4,"featured_media":0,"parent":0,"menu_order":0,"comment_status":"closed","ping_status":"open","template":"","meta":{"footnotes":""},"class_list":["post-714","page","type-page","status-publish","hentry"],"_links":{"self":[{"href":"https:\/\/www.chateaudesarpentis.com\/pt-br\/wp-json\/wp\/v2\/pages\/714","targetHints":{"allow":["GET"]}}],"collection":[{"href":"https:\/\/www.chateaudesarpentis.com\/pt-br\/wp-json\/wp\/v2\/pages"}],"about":[{"href":"https:\/\/www.chateaudesarpentis.com\/pt-br\/wp-json\/wp\/v2\/types\/page"}],"author":[{"embeddable":true,"href":"https:\/\/www.chateaudesarpentis.com\/pt-br\/wp-json\/wp\/v2\/users\/4"}],"replies":[{"embeddable":true,"href":"https:\/\/www.chateaudesarpentis.com\/pt-br\/wp-json\/wp\/v2\/comments?post=714"}],"version-history":[{"count":26,"href":"https:\/\/www.chateaudesarpentis.com\/pt-br\/wp-json\/wp\/v2\/pages\/714\/revisions"}],"predecessor-version":[{"id":26446,"href":"https:\/\/www.chateaudesarpentis.com\/pt-br\/wp-json\/wp\/v2\/pages\/714\/revisions\/26446"}],"wp:attachment":[{"href":"https:\/\/www.chateaudesarpentis.com\/pt-br\/wp-json\/wp\/v2\/media?parent=714"}],"curies":[{"name":"wp","href":"https:\/\/api.w.org\/{rel}","templated":true}]}}